{"id":114,"date":"2025-12-09T18:23:10","date_gmt":"2025-12-09T18:23:10","guid":{"rendered":"https:\/\/romantic-nightingale.141-95-169-82.plesk.page\/?page_id=114"},"modified":"2026-02-10T14:04:00","modified_gmt":"2026-02-10T14:04:00","slug":"le-menu-de-letape-doree","status":"publish","type":"page","link":"https:\/\/romantic-nightingale.141-95-169-82.plesk.page\/index.php\/le-menu-de-letape-doree\/","title":{"rendered":"Le Menu"},"content":{"rendered":"\n<h2 class=\"wp-block-heading has-text-align-center\">Menu \u00ab\u00a0L&rsquo;\u00c9tape Dor\u00e9e\u00a0\u00bb &#8211; 95 \u20ac<\/h2>\n\n\n\n<p class=\"has-text-align-center\">Tartare de bonite dans une fine tuile de betterave<br>Financier de sarrasin et cr\u00e8me aux algues<br>Croquette de topinambour, chanterelles saut\u00e9es<\/p>\n\n\n\n<hr class=\"wp-block-separator aligncenter has-alpha-channel-opacity is-style-dots\"\/>\n\n\n\n<p class=\"has-text-align-center\">Tentacule de poulpe et chou de Bruxelles fum\u00e9s aux senteurs de pin,<br>accompagn\u00e9 d\u2019une petite tarte aux l\u00e9gumes et fines herbes du jardin<\/p>\n\n\n\n<hr class=\"wp-block-separator aligncenter has-alpha-channel-opacity is-style-dots\"\/>\n\n\n\n<p class=\"has-text-align-center\">Noix de Saint-Jacques, quinoa, \u00e9pinard, pomme Granny Smith et \u00e9chalote en salade,<br>feuilles de pissenlit, cr\u00e8me de coquilles Saint-Jacques<\/p>\n\n\n\n<hr class=\"wp-block-separator aligncenter has-alpha-channel-opacity is-style-dots\"\/>\n\n\n\n<p class=\"has-text-align-center\">Terre et Mer<br>t\u00eate de porc, palourdes, poireau \u00e9tuv\u00e9, sauce au chrysanth\u00e8me japonais<\/p>\n\n\n\n<hr class=\"wp-block-separator aligncenter has-alpha-channel-opacity is-style-dots\"\/>\n\n\n\n<p class=\"has-text-align-center\">Lotte po\u00eal\u00e9e,<br>d\u00e9clinaison de choux, sauce \u00e0 l\u2019amertume de chou-cima et \u00e0 l\u2019umami de la lotte<\/p>\n\n\n\n<hr class=\"wp-block-separator aligncenter has-alpha-channel-opacity is-style-dots\"\/>\n\n\n\n<p class=\"has-text-align-center\">Pigeonneau de Bourgogne r\u00f4ti,<br>farce fine de chair et g\u00e9sier, pied-de-mouton, feuille d\u2019endive rouge<\/p>\n\n\n\n<hr class=\"wp-block-separator aligncenter has-alpha-channel-opacity is-style-dots\"\/>\n\n\n\n<p class=\"has-text-align-center\">Orange sanguine, cr\u00e8me d\u2019Ange et crumble aux amandes,<br>finition d\u2019une sauce au Grand Marnier<\/p>\n\n\n\n<hr class=\"wp-block-separator aligncenter has-alpha-channel-opacity is-style-dots\"\/>\n\n\n\n<p class=\"has-text-align-center\">Une assiette pour savourer pleinement le parfum de la ch\u00e2taigne,<br>\u00e6bleskiver aux ch\u00e2taignes, accompagn\u00e9 de variations autour du marron.<\/p>\n\n\n\n<hr class=\"wp-block-separator aligncenter has-alpha-channel-opacity is-style-dots\"\/>\n\n\n\n<p class=\"has-text-align-center\">Sph\u00e8re d\u00e9licate de chocolat blanc, figue noire en c\u0153ur liquide<br>Sabl\u00e9 \u00e0 la cannelle et cr\u00e9meux infus\u00e9 \u00e0 la feuille de figuier<br>Gru\u00e9 de cacao caram\u00e9lis\u00e9 et ganache au chocolat noir<\/p>\n\n\n\n<hr class=\"wp-block-separator aligncenter has-alpha-channel-opacity\"\/>\n\n\n\n<p class=\"has-text-align-center\">Assortiment de fromages affin\u00e9s par la Maison Mons &#8211; Suppl\u00e9ment de 15 \u20ac<\/p>\n\n\n\n<hr class=\"wp-block-separator aligncenter has-alpha-channel-opacity\"\/>\n\n\n\n<h2 class=\"wp-block-heading has-text-align-center\">Accords mets et Vins<\/h2>\n\n\n\n<p class=\"has-text-align-center\">5 verres (total 50 cl) &#8211; 64 \u20ac<\/p>\n\n\n\n<h2 class=\"wp-block-heading has-text-align-center\">Accords sans alcool<\/h2>\n\n\n\n<p class=\"has-text-align-center\">5 vari\u00e9t\u00e9s &#8211; 42 \u20ac<\/p>\n\n\n\n<hr class=\"wp-block-separator aligncenter has-alpha-channel-opacity is-style-wide\"\/>\n\n\n\n<p class=\"has-text-align-center\">Certains ingr\u00e9dients peuvent \u00eatre remplac\u00e9s en fonction des arrivages.<br>Tous nos viandes sont d\u2019origine fran\u00e7aise. Prix nets, service compris.<br>Liste des allerg\u00e8nes disponible sur demande.<\/p>\n","protected":false},"excerpt":{"rendered":"<p>Menu \u00ab\u00a0L&rsquo;\u00c9tape Dor\u00e9e\u00a0\u00bb &#8211; 95 \u20ac Tartare de bonite dans une fine tuile [&hellip;]<\/p>\n","protected":false},"author":1,"featured_media":0,"parent":0,"menu_order":0,"comment_status":"closed","ping_status":"closed","template":"","meta":{"footnotes":""},"class_list":["post-114","page","type-page","status-publish","hentry"],"_links":{"self":[{"href":"https:\/\/romantic-nightingale.141-95-169-82.plesk.page\/index.php\/wp-json\/wp\/v2\/pages\/114","targetHints":{"allow":["GET"]}}],"collection":[{"href":"https:\/\/romantic-nightingale.141-95-169-82.plesk.page\/index.php\/wp-json\/wp\/v2\/pages"}],"about":[{"href":"https:\/\/romantic-nightingale.141-95-169-82.plesk.page\/index.php\/wp-json\/wp\/v2\/types\/page"}],"author":[{"embeddable":true,"href":"https:\/\/romantic-nightingale.141-95-169-82.plesk.page\/index.php\/wp-json\/wp\/v2\/users\/1"}],"replies":[{"embeddable":true,"href":"https:\/\/romantic-nightingale.141-95-169-82.plesk.page\/index.php\/wp-json\/wp\/v2\/comments?post=114"}],"version-history":[{"count":5,"href":"https:\/\/romantic-nightingale.141-95-169-82.plesk.page\/index.php\/wp-json\/wp\/v2\/pages\/114\/revisions"}],"predecessor-version":[{"id":316,"href":"https:\/\/romantic-nightingale.141-95-169-82.plesk.page\/index.php\/wp-json\/wp\/v2\/pages\/114\/revisions\/316"}],"wp:attachment":[{"href":"https:\/\/romantic-nightingale.141-95-169-82.plesk.page\/index.php\/wp-json\/wp\/v2\/media?parent=114"}],"curies":[{"name":"wp","href":"https:\/\/api.w.org\/{rel}","templated":true}]}}